{"id":533,"date":"2013-12-10T18:37:30","date_gmt":"2013-12-10T18:37:30","guid":{"rendered":"https:\/\/www.hof437.at\/reinold\/?page_id=533"},"modified":"2022-11-23T13:36:14","modified_gmt":"2022-11-23T13:36:14","slug":"netzwerk","status":"publish","type":"page","link":"https:\/\/www.hof437.at\/reinold\/netzwerk","title":{"rendered":"Netzwerk"},"content":{"rendered":"<h2><strong>Gemeinsam sind wir mehr.<\/strong><\/h2>\n<p><span style=\"font-size: small\">Auf die Spezialisten, mit denen wir arbeiten, k\u00f6nnen wir uns verlassen. Unsere Zusammenarbeit beruht auf gegenseitiger Wertsch\u00e4tzung und fachlicher Auseinandersetzung auf Augenh\u00f6he. So stellen wir uns gemeinsam spannenden baulichen Herausforderungen und schaffen immer wieder neue, kreative L\u00f6sungen. Davon profitieren wir und die Kunden - weil es unsere Arbeit effektiver und effizienter macht. Unsere Experten kommen aus den Bereichen Bauphysik und Bau\u00f6kologie, Statik, Bauleitung, Handwerk, Elektro- und Sanit\u00e4rplanung, Energieberatung:<\/span><\/p>\n<p><span style=\"font-size: small\">\u00a0<\/span><\/p>\n<address><strong>Michael Pfanner<\/strong>, Bauleitung, Sulzberg<\/address>\n<address>\u00a0<\/address>\n<address><strong>Erich \u00a0Reiner,\u00a0<\/strong>Ingenieurb\u00fcro Holzforschung Bauphysik Energieeffizientes Bauen, Bezau\u00a0<\/address>\n<address>\u00a0<\/address>\n<address><strong>Peter \u00a0Nagy\u00a0,<\/strong> Statikb\u00fcro, Dornbirn<\/address>\n<address>\u00a0<\/address>\n<address><strong>Ernst Mader<\/strong>, Statikb\u00fcro, Bregenz<\/address>\n<address>\u00a0<\/address>\n<address><strong>Werkraum Bregenzerwald,\u00a0\u00a0<\/strong>Egg<\/address>\n<address>\u00a0<\/address>\n<address><strong>Energieinstitut Vorarlberg,\u00a0<\/strong>Dornbirn<\/address>\n<address>\u00a0<\/address>\n<address><strong>Thomas \u00a0Schmid,\u00a0<\/strong>Elektrotechnik, Dornbirn<\/address>\n<address>\u00a0<\/address>\n<address><strong>D\u00fcr Raimund<\/strong>, Tischlerei, Alberschwende<\/address>\n<address>\u00a0<\/address>\n<address>\u00a0<\/address>\n","protected":false},"excerpt":{"rendered":"<p>Gemeinsam sind wir mehr. Auf die Spezialisten, mit denen wir arbeiten, k\u00f6nnen wir uns verlassen. Unsere Zusammenarbeit beruht auf gegenseitiger Wertsch\u00e4tzung und fachlicher Auseinandersetzung auf Augenh\u00f6he. So stellen wir uns gemeinsam spannenden baulichen Herausforderungen und schaffen immer wieder neue, kreative L\u00f6sungen. Davon profitieren wir und die Kunden &#8211; weil es unsere Arbeit effektiver und effizienter [&hellip;]<\/p>\n","protected":false},"author":8,"featured_media":0,"parent":0,"menu_order":5,"comment_status":"closed","ping_status":"closed","template":"","meta":{"footnotes":""},"acf":[],"yoast_head":"<!-- This site is optimized with the Yoast SEO plugin v22.8 - https:\/\/yoast.com\/wordpress\/plugins\/seo\/ -->\n<title>Netzwerk - Reinold Knapp<\/title>\n<meta name=\"robots\" content=\"index, follow, max-snippet:-1, max-image-preview:large, max-video-preview:-1\" \/>\n<link rel=\"canonical\" href=\"https:\/\/www.hof437.at\/reinold\/netzwerk\" \/>\n<meta property=\"og:locale\" content=\"de_DE\" \/>\n<meta property=\"og:type\" content=\"article\" \/>\n<meta property=\"og:title\" content=\"Netzwerk - Reinold Knapp\" \/>\n<meta property=\"og:description\" content=\"Gemeinsam sind wir mehr. Auf die Spezialisten, mit denen wir arbeiten, k\u00f6nnen wir uns verlassen. Unsere Zusammenarbeit beruht auf gegenseitiger Wertsch\u00e4tzung und fachlicher Auseinandersetzung auf Augenh\u00f6he. So stellen wir uns gemeinsam spannenden baulichen Herausforderungen und schaffen immer wieder neue, kreative L\u00f6sungen. Davon profitieren wir und die Kunden - weil es unsere Arbeit effektiver und effizienter [&hellip;]\" \/>\n<meta property=\"og:url\" content=\"https:\/\/www.hof437.at\/reinold\/netzwerk\" \/>\n<meta property=\"og:site_name\" content=\"Reinold Knapp\" \/>\n<meta property=\"article:modified_time\" content=\"2022-11-23T13:36:14+00:00\" \/>\n<meta name=\"twitter:card\" content=\"summary_large_image\" \/>\n<meta name=\"twitter:label1\" content=\"Gesch\u00e4tzte Lesezeit\" \/>\n\t<meta name=\"twitter:data1\" content=\"1 Minute\" \/>\n<script type=\"application\/ld+json\" class=\"yoast-schema-graph\">{\"@context\":\"https:\/\/schema.org\",\"@graph\":[{\"@type\":\"WebPage\",\"@id\":\"https:\/\/www.hof437.at\/reinold\/netzwerk\",\"url\":\"https:\/\/www.hof437.at\/reinold\/netzwerk\",\"name\":\"Netzwerk - Reinold Knapp\",\"isPartOf\":{\"@id\":\"https:\/\/www.hof437.at\/reinold\/#website\"},\"datePublished\":\"2013-12-10T18:37:30+00:00\",\"dateModified\":\"2022-11-23T13:36:14+00:00\",\"breadcrumb\":{\"@id\":\"https:\/\/www.hof437.at\/reinold\/netzwerk#breadcrumb\"},\"inLanguage\":\"de-DE\",\"potentialAction\":[{\"@type\":\"ReadAction\",\"target\":[\"https:\/\/www.hof437.at\/reinold\/netzwerk\"]}]},{\"@type\":\"BreadcrumbList\",\"@id\":\"https:\/\/www.hof437.at\/reinold\/netzwerk#breadcrumb\",\"itemListElement\":[{\"@type\":\"ListItem\",\"position\":1,\"name\":\"Startseite\",\"item\":\"https:\/\/www.hof437.at\/reinold\/\"},{\"@type\":\"ListItem\",\"position\":2,\"name\":\"Netzwerk\"}]},{\"@type\":\"WebSite\",\"@id\":\"https:\/\/www.hof437.at\/reinold\/#website\",\"url\":\"https:\/\/www.hof437.at\/reinold\/\",\"name\":\"Reinold Knapp\",\"description\":\"Architektur, Innenarchitektur und Altbausanierung\",\"potentialAction\":[{\"@type\":\"SearchAction\",\"target\":{\"@type\":\"EntryPoint\",\"urlTemplate\":\"https:\/\/www.hof437.at\/reinold\/?s={search_term_string}\"},\"query-input\":\"required name=search_term_string\"}],\"inLanguage\":\"de-DE\"}]}<\/script>\n<!-- \/ Yoast SEO plugin. -->","yoast_head_json":{"title":"Netzwerk - Reinold Knapp","robots":{"index":"index","follow":"follow","max-snippet":"max-snippet:-1","max-image-preview":"max-image-preview:large","max-video-preview":"max-video-preview:-1"},"canonical":"https:\/\/www.hof437.at\/reinold\/netzwerk","og_locale":"de_DE","og_type":"article","og_title":"Netzwerk - Reinold Knapp","og_description":"Gemeinsam sind wir mehr. Auf die Spezialisten, mit denen wir arbeiten, k\u00f6nnen wir uns verlassen. Unsere Zusammenarbeit beruht auf gegenseitiger Wertsch\u00e4tzung und fachlicher Auseinandersetzung auf Augenh\u00f6he. So stellen wir uns gemeinsam spannenden baulichen Herausforderungen und schaffen immer wieder neue, kreative L\u00f6sungen. Davon profitieren wir und die Kunden - weil es unsere Arbeit effektiver und effizienter [&hellip;]","og_url":"https:\/\/www.hof437.at\/reinold\/netzwerk","og_site_name":"Reinold Knapp","article_modified_time":"2022-11-23T13:36:14+00:00","twitter_card":"summary_large_image","twitter_misc":{"Gesch\u00e4tzte Lesezeit":"1 Minute"},"schema":{"@context":"https:\/\/schema.org","@graph":[{"@type":"WebPage","@id":"https:\/\/www.hof437.at\/reinold\/netzwerk","url":"https:\/\/www.hof437.at\/reinold\/netzwerk","name":"Netzwerk - Reinold Knapp","isPartOf":{"@id":"https:\/\/www.hof437.at\/reinold\/#website"},"datePublished":"2013-12-10T18:37:30+00:00","dateModified":"2022-11-23T13:36:14+00:00","breadcrumb":{"@id":"https:\/\/www.hof437.at\/reinold\/netzwerk#breadcrumb"},"inLanguage":"de-DE","potentialAction":[{"@type":"ReadAction","target":["https:\/\/www.hof437.at\/reinold\/netzwerk"]}]},{"@type":"BreadcrumbList","@id":"https:\/\/www.hof437.at\/reinold\/netzwerk#breadcrumb","itemListElement":[{"@type":"ListItem","position":1,"name":"Startseite","item":"https:\/\/www.hof437.at\/reinold\/"},{"@type":"ListItem","position":2,"name":"Netzwerk"}]},{"@type":"WebSite","@id":"https:\/\/www.hof437.at\/reinold\/#website","url":"https:\/\/www.hof437.at\/reinold\/","name":"Reinold Knapp","description":"Architektur, Innenarchitektur und Altbausanierung","potentialAction":[{"@type":"SearchAction","target":{"@type":"EntryPoint","urlTemplate":"https:\/\/www.hof437.at\/reinold\/?s={search_term_string}"},"query-input":"required name=search_term_string"}],"inLanguage":"de-DE"}]}},"_links":{"self":[{"href":"https:\/\/www.hof437.at\/reinold\/wp-json\/wp\/v2\/pages\/533"}],"collection":[{"href":"https:\/\/www.hof437.at\/reinold\/wp-json\/wp\/v2\/pages"}],"about":[{"href":"https:\/\/www.hof437.at\/reinold\/wp-json\/wp\/v2\/types\/page"}],"author":[{"embeddable":true,"href":"https:\/\/www.hof437.at\/reinold\/wp-json\/wp\/v2\/users\/8"}],"replies":[{"embeddable":true,"href":"https:\/\/www.hof437.at\/reinold\/wp-json\/wp\/v2\/comments?post=533"}],"version-history":[{"count":1,"href":"https:\/\/www.hof437.at\/reinold\/wp-json\/wp\/v2\/pages\/533\/revisions"}],"predecessor-version":[{"id":1494,"href":"https:\/\/www.hof437.at\/reinold\/wp-json\/wp\/v2\/pages\/533\/revisions\/1494"}],"wp:attachment":[{"href":"https:\/\/www.hof437.at\/reinold\/wp-json\/wp\/v2\/media?parent=533"}],"curies":[{"name":"wp","href":"https:\/\/api.w.org\/{rel}","templated":true}]}}